{"id":9517,"date":"2026-04-07T09:41:15","date_gmt":"2026-04-07T13:41:15","guid":{"rendered":"https:\/\/hortau.com\/?page_id=9517"},"modified":"2026-04-07T09:41:42","modified_gmt":"2026-04-07T13:41:42","slug":"termsandconditions","status":"publish","type":"page","link":"https:\/\/hortau.com\/fr\/termsandconditions\/","title":{"rendered":"Conditions g\u00e9n\u00e9rales"},"content":{"rendered":"\t\t<div data-elementor-type=\"wp-page\" data-elementor-id=\"9517\" class=\"elementor elementor-9517 elementor-9502\" data-elementor-post-type=\"page\">\n\t\t\t\t\t\t<section class=\"elementor-section elementor-top-section elementor-element elementor-element-1c83687 elementor-section-boxed elementor-section-height-default elementor-section-height-default\" data-id=\"1c83687\" data-element_type=\"section\" data-e-type=\"section\" data-settings=\"{&quot;jet_parallax_layout_list&quot;:[]}\">\n\t\t\t\t\t\t<div class=\"elementor-container elementor-column-gap-default\">\n\t\t\t\t\t<div class=\"elementor-column elementor-col-100 elementor-top-column elementor-element elementor-element-fe994e6\" data-id=\"fe994e6\" data-element_type=\"column\" data-e-type=\"column\">\n\t\t\t<div class=\"elementor-widget-wrap elementor-element-populated\">\n\t\t\t\t\t\t<div class=\"elementor-element elementor-element-04f096a elementor-widget elementor-widget-heading\" data-id=\"04f096a\" data-element_type=\"widget\" data-e-type=\"widget\" data-widget_type=\"heading.default\">\n\t\t\t\t<div class=\"elementor-widget-container\">\n\t\t\t\t\t<h1 class=\"elementor-heading-title elementor-size-default\">Conditions g\u00e9n\u00e9rales<\/h1>\t\t\t\t<\/div>\n\t\t\t\t<\/div>\n\t\t\t\t\t<\/div>\n\t\t<\/div>\n\t\t\t\t\t<\/div>\n\t\t<\/section>\n\t\t\t\t<\/div>\n\t\t","protected":false},"excerpt":{"rendered":"<p>Conditions g\u00e9n\u00e9rales<\/p>\n","protected":false},"author":1,"featured_media":0,"parent":0,"menu_order":0,"comment_status":"closed","ping_status":"closed","template":"","meta":{"footnotes":""},"class_list":["post-9517","page","type-page","status-publish","hentry"],"yoast_head":"<!-- This site is optimized with the Yoast SEO plugin v27.5 - https:\/\/yoast.com\/product\/yoast-seo-wordpress\/ -->\n<title>Conditions g\u00e9n\u00e9rales - Hortau<\/title>\n<meta name=\"robots\" content=\"noindex, nofollow\" \/>\n<meta property=\"og:locale\" content=\"fr_FR\" \/>\n<meta property=\"og:type\" content=\"article\" \/>\n<meta property=\"og:title\" content=\"Conditions g\u00e9n\u00e9rales - Hortau\" \/>\n<meta property=\"og:description\" content=\"Conditions g\u00e9n\u00e9rales\" \/>\n<meta property=\"og:url\" content=\"https:\/\/hortau.com\/fr\/termsandconditions\/\" \/>\n<meta property=\"og:site_name\" content=\"Hortau\" \/>\n<meta property=\"article:publisher\" content=\"https:\/\/www.facebook.com\/hortau\" \/>\n<meta property=\"article:modified_time\" content=\"2026-04-07T13:41:42+00:00\" \/>\n<meta name=\"twitter:card\" content=\"summary_large_image\" \/>\n<meta name=\"twitter:site\" content=\"@Hortau\" \/>\n<script type=\"application\/ld+json\" class=\"yoast-schema-graph\">{\"@context\":\"https:\\\/\\\/schema.org\",\"@graph\":[{\"@type\":\"WebPage\",\"@id\":\"https:\\\/\\\/hortau.com\\\/fr\\\/termsandconditions\\\/\",\"url\":\"https:\\\/\\\/hortau.com\\\/fr\\\/termsandconditions\\\/\",\"name\":\"Conditions g\u00e9n\u00e9rales - Hortau\",\"isPartOf\":{\"@id\":\"https:\\\/\\\/hortau.com\\\/fr\\\/#website\"},\"datePublished\":\"2026-04-07T13:41:15+00:00\",\"dateModified\":\"2026-04-07T13:41:42+00:00\",\"breadcrumb\":{\"@id\":\"https:\\\/\\\/hortau.com\\\/fr\\\/termsandconditions\\\/#breadcrumb\"},\"inLanguage\":\"fr-FR\",\"potentialAction\":[{\"@type\":\"ReadAction\",\"target\":[\"https:\\\/\\\/hortau.com\\\/fr\\\/termsandconditions\\\/\"]}]},{\"@type\":\"BreadcrumbList\",\"@id\":\"https:\\\/\\\/hortau.com\\\/fr\\\/termsandconditions\\\/#breadcrumb\",\"itemListElement\":[{\"@type\":\"ListItem\",\"position\":1,\"name\":\"Home\",\"item\":\"https:\\\/\\\/hortau.com\\\/fr\\\/\"},{\"@type\":\"ListItem\",\"position\":2,\"name\":\"Conditions g\u00e9n\u00e9rales\"}]},{\"@type\":\"WebSite\",\"@id\":\"https:\\\/\\\/hortau.com\\\/fr\\\/#website\",\"url\":\"https:\\\/\\\/hortau.com\\\/fr\\\/\",\"name\":\"Hortau\",\"description\":\"Irrigation Management\",\"publisher\":{\"@id\":\"https:\\\/\\\/hortau.com\\\/fr\\\/#organization\"},\"potentialAction\":[{\"@type\":\"SearchAction\",\"target\":{\"@type\":\"EntryPoint\",\"urlTemplate\":\"https:\\\/\\\/hortau.com\\\/fr\\\/?s={search_term_string}\"},\"query-input\":{\"@type\":\"PropertyValueSpecification\",\"valueRequired\":true,\"valueName\":\"search_term_string\"}}],\"inLanguage\":\"fr-FR\"},{\"@type\":\"Organization\",\"@id\":\"https:\\\/\\\/hortau.com\\\/fr\\\/#organization\",\"name\":\"Hortau\",\"url\":\"https:\\\/\\\/hortau.com\\\/fr\\\/\",\"logo\":{\"@type\":\"ImageObject\",\"inLanguage\":\"fr-FR\",\"@id\":\"https:\\\/\\\/hortau.com\\\/fr\\\/#\\\/schema\\\/logo\\\/image\\\/\",\"url\":\"https:\\\/\\\/hortau.com\\\/wp-content\\\/uploads\\\/2021\\\/09\\\/logo.png\",\"contentUrl\":\"https:\\\/\\\/hortau.com\\\/wp-content\\\/uploads\\\/2021\\\/09\\\/logo.png\",\"width\":500,\"height\":500,\"caption\":\"Hortau\"},\"image\":{\"@id\":\"https:\\\/\\\/hortau.com\\\/fr\\\/#\\\/schema\\\/logo\\\/image\\\/\"},\"sameAs\":[\"https:\\\/\\\/www.facebook.com\\\/hortau\",\"https:\\\/\\\/x.com\\\/Hortau\",\"https:\\\/\\\/www.instagram.com\\\/hortau\\\/\",\"https:\\\/\\\/www.linkedin.com\\\/company\\\/hortau\\\/\",\"https:\\\/\\\/www.youtube.com\\\/user\\\/HortauIrrigation\"]}]}<\/script>\n<!-- \/ Yoast SEO plugin. -->","yoast_head_json":{"title":"Conditions g\u00e9n\u00e9rales - Hortau","robots":{"index":"noindex","follow":"nofollow"},"og_locale":"fr_FR","og_type":"article","og_title":"Conditions g\u00e9n\u00e9rales - Hortau","og_description":"Conditions g\u00e9n\u00e9rales","og_url":"https:\/\/hortau.com\/fr\/termsandconditions\/","og_site_name":"Hortau","article_publisher":"https:\/\/www.facebook.com\/hortau","article_modified_time":"2026-04-07T13:41:42+00:00","twitter_card":"summary_large_image","twitter_site":"@Hortau","schema":{"@context":"https:\/\/schema.org","@graph":[{"@type":"WebPage","@id":"https:\/\/hortau.com\/fr\/termsandconditions\/","url":"https:\/\/hortau.com\/fr\/termsandconditions\/","name":"Conditions g\u00e9n\u00e9rales - Hortau","isPartOf":{"@id":"https:\/\/hortau.com\/fr\/#website"},"datePublished":"2026-04-07T13:41:15+00:00","dateModified":"2026-04-07T13:41:42+00:00","breadcrumb":{"@id":"https:\/\/hortau.com\/fr\/termsandconditions\/#breadcrumb"},"inLanguage":"fr-FR","potentialAction":[{"@type":"ReadAction","target":["https:\/\/hortau.com\/fr\/termsandconditions\/"]}]},{"@type":"BreadcrumbList","@id":"https:\/\/hortau.com\/fr\/termsandconditions\/#breadcrumb","itemListElement":[{"@type":"ListItem","position":1,"name":"Home","item":"https:\/\/hortau.com\/fr\/"},{"@type":"ListItem","position":2,"name":"Conditions g\u00e9n\u00e9rales"}]},{"@type":"WebSite","@id":"https:\/\/hortau.com\/fr\/#website","url":"https:\/\/hortau.com\/fr\/","name":"Hortau","description":"Irrigation Management","publisher":{"@id":"https:\/\/hortau.com\/fr\/#organization"},"potentialAction":[{"@type":"SearchAction","target":{"@type":"EntryPoint","urlTemplate":"https:\/\/hortau.com\/fr\/?s={search_term_string}"},"query-input":{"@type":"PropertyValueSpecification","valueRequired":true,"valueName":"search_term_string"}}],"inLanguage":"fr-FR"},{"@type":"Organization","@id":"https:\/\/hortau.com\/fr\/#organization","name":"Hortau","url":"https:\/\/hortau.com\/fr\/","logo":{"@type":"ImageObject","inLanguage":"fr-FR","@id":"https:\/\/hortau.com\/fr\/#\/schema\/logo\/image\/","url":"https:\/\/hortau.com\/wp-content\/uploads\/2021\/09\/logo.png","contentUrl":"https:\/\/hortau.com\/wp-content\/uploads\/2021\/09\/logo.png","width":500,"height":500,"caption":"Hortau"},"image":{"@id":"https:\/\/hortau.com\/fr\/#\/schema\/logo\/image\/"},"sameAs":["https:\/\/www.facebook.com\/hortau","https:\/\/x.com\/Hortau","https:\/\/www.instagram.com\/hortau\/","https:\/\/www.linkedin.com\/company\/hortau\/","https:\/\/www.youtube.com\/user\/HortauIrrigation"]}]}},"_links":{"self":[{"href":"https:\/\/hortau.com\/fr\/wp-json\/wp\/v2\/pages\/9517","targetHints":{"allow":["GET"]}}],"collection":[{"href":"https:\/\/hortau.com\/fr\/wp-json\/wp\/v2\/pages"}],"about":[{"href":"https:\/\/hortau.com\/fr\/wp-json\/wp\/v2\/types\/page"}],"author":[{"embeddable":true,"href":"https:\/\/hortau.com\/fr\/wp-json\/wp\/v2\/users\/1"}],"replies":[{"embeddable":true,"href":"https:\/\/hortau.com\/fr\/wp-json\/wp\/v2\/comments?post=9517"}],"version-history":[{"count":4,"href":"https:\/\/hortau.com\/fr\/wp-json\/wp\/v2\/pages\/9517\/revisions"}],"predecessor-version":[{"id":9521,"href":"https:\/\/hortau.com\/fr\/wp-json\/wp\/v2\/pages\/9517\/revisions\/9521"}],"wp:attachment":[{"href":"https:\/\/hortau.com\/fr\/wp-json\/wp\/v2\/media?parent=9517"}],"curies":[{"name":"wp","href":"https:\/\/api.w.org\/{rel}","templated":true}]}}