{"id":7786,"date":"2022-02-17T11:23:40","date_gmt":"2022-02-17T16:23:40","guid":{"rendered":"https:\/\/hortau.com\/?page_id=7786"},"modified":"2022-12-02T09:57:39","modified_gmt":"2022-12-02T14:57:39","slug":"primevert","status":"publish","type":"page","link":"https:\/\/hortau.com\/fr\/primevert\/","title":{"rendered":"Prime Vert"},"content":{"rendered":"<h1>LE PROGRAMME PRIME-VERT<\/h1>\n<p><img decoding=\"async\" width=\"800\" height=\"667\" data-src=\"https:\/\/hortau.com\/wp-content\/uploads\/2021\/11\/experts-1024x854.jpg\" alt=\"\" data-srcset=\"https:\/\/hortau.com\/wp-content\/uploads\/2021\/11\/experts-1024x854.jpg 1024w, https:\/\/hortau.com\/wp-content\/uploads\/2021\/11\/experts-300x250.jpg 300w, https:\/\/hortau.com\/wp-content\/uploads\/2021\/11\/experts.jpg 1250w, https:\/\/hortau.com\/wp-content\/uploads\/2021\/11\/experts-300x250@2x.jpg 600w\" data-sizes=\"auto, (max-width: 800px) 100vw, 800px\" src=\"data:image\/svg+xml;base64,PHN2ZyB3aWR0aD0iMSIgaGVpZ2h0PSIxIiB4bWxucz0iaHR0cDovL3d3dy53My5vcmcvMjAwMC9zdmciPjwvc3ZnPg==\" class=\"lazyload\" style=\"--smush-placeholder-width: 800px; --smush-placeholder-aspect-ratio: 800\/667;\"><br \/>\n<img decoding=\"async\" width=\"800\" height=\"667\" data-src=\"https:\/\/hortau.com\/wp-content\/uploads\/2021\/11\/primevert-1024x854.jpg\" alt=\"\" data-srcset=\"https:\/\/hortau.com\/wp-content\/uploads\/2021\/11\/primevert-1024x854.jpg 1024w, https:\/\/hortau.com\/wp-content\/uploads\/2021\/11\/primevert-300x250.jpg 300w, https:\/\/hortau.com\/wp-content\/uploads\/2021\/11\/primevert.jpg 1250w, https:\/\/hortau.com\/wp-content\/uploads\/2021\/11\/primevert-300x250@2x.jpg 600w\" data-sizes=\"auto, (max-width: 800px) 100vw, 800px\" src=\"data:image\/svg+xml;base64,PHN2ZyB3aWR0aD0iMSIgaGVpZ2h0PSIxIiB4bWxucz0iaHR0cDovL3d3dy53My5vcmcvMjAwMC9zdmciPjwvc3ZnPg==\" class=\"lazyload\" style=\"--smush-placeholder-width: 800px; --smush-placeholder-aspect-ratio: 800\/667;\"><\/p>\n<p>Le programme&nbsp;<a href=\"https:\/\/www.mapaq.gouv.qc.ca\/fr\/Productions\/md\/programmesliste\/agroenvironnement\/Pages\/Prime-Vert.aspx\">Prime-Vert&nbsp;<\/a>vise \u00e0 accro\u00eetre l\u2019adoption de pratiques agroenvironnementales par les entreprises agricoles afin de contribuer \u00e0 l\u2019am\u00e9lioration de la qualit\u00e9 de l\u2019environnement et de la sant\u00e9 humaine.<\/p>\n<p>Il soutient les entreprises agricoles dans la r\u00e9alisation d\u2019interventions prioritaires en agroenvironnement tout en favorisant une approche collective.<\/p>\n<p>La dur\u00e9e du programme&nbsp;<a href=\"https:\/\/www.mapaq.gouv.qc.ca\/fr\/Productions\/md\/programmesliste\/agroenvironnement\/Pages\/Prime-Vert.aspx\">Prime-Vert<\/a>&nbsp;est pr\u00e9vue d\u2019avril 2018 \u00e0 mars 2023.&nbsp;Il est donc encore temps d\u2019appliquer \u00e0 ce programme de fa\u00e7on \u00e0 b\u00e9n\u00e9ficier de notre technologie.<\/p>\n<p>L\u2019aide financi\u00e8re maximale pour la dur\u00e9e du programme est de&nbsp;16000$ ou 8000$\/an.<\/p>\n<p><strong>C&#8217;est le moment id\u00e9al pour penser \u00e0 Hortau. Il reste une ann\u00e9e pour appliquer!<\/strong><\/p>\n<p>Le programme&nbsp;<a href=\"https:\/\/www.mapaq.gouv.qc.ca\/fr\/Productions\/md\/programmesliste\/agroenvironnement\/Pages\/Prime-Vert.aspx\">Prime-Vert<\/a>&nbsp;du MAPAQ couvre l\u2019achat ou la location d\u2019\u00e9quipement de r\u00e9gie de l\u2019irrigation, dont:<\/p>\n<ul style=\"font-size: 16px; background-color: #ffffff;\">\n<li style=\"font-size: 16px;\">Station de champ et sondes<\/li>\n<li style=\"font-size: 16px;\">Station m\u00e9t\u00e9o<\/li>\n<li style=\"font-size: 16px;\">Station d\u2019automatisation des pompes et valves<\/li>\n<li style=\"font-size: 16px;\">Logiciels et p\u00e9riph\u00e9riques de communication<\/li>\n<\/ul>\n<p>Pour appliquer au programme Volet 1 \u2013 Mesure 4304 \u2013 Gestion optimale de l\u2019eau d\u2019irrigation :<\/p>\n<p>\u00c9tape 1:&nbsp;Demander une soumission aupr\u00e8s de votre conseiller technique qui r\u00e9alisera le dossier technique d\u2019irrigation<\/p>\n<p>\u00c9tape 2:&nbsp;Demander une soumission aupr\u00e8s d\u2019Hortau en fonction du mat\u00e9riel recommand\u00e9 dans le dossier technique<\/p>\n<p>\u00c9tape 3:&nbsp;Remettre le formulaire d\u2019aide financi\u00e8re&nbsp; et une partie du dossier technique au MAPAQ<\/p>\n<p>\u00c9tape 4:&nbsp;Recevoir son autorisation et compl\u00e9ter le dossier technique d\u2019irrigation<\/p>\n<p>\u00c9tape 5:&nbsp;Remettre en fin d\u2019ann\u00e9e vos documents justificatifs au MAPAQ pour obtenir votre subvention<\/p>\n<p>Pour toute question, nous sommes enti\u00e8rement disponibles \u00e0 vous accompagner dans l\u2019obtention de votre subvention&nbsp;<a href=\"https:\/\/www.mapaq.gouv.qc.ca\/fr\/Productions\/md\/programmesliste\/agroenvironnement\/Pages\/Prime-Vert.aspx\">Prime-Vert<\/a>.<\/p>\n<p>Contactez d\u00e8s maintenant&nbsp;Caroline Letendre, directrice des ventes pour Hortau,&nbsp; afin d\u2019obtenir de plus amples informations.<\/p>\n<h2>Nous Contacter<\/h2>\n","protected":false},"excerpt":{"rendered":"<p>LE PROGRAMME PRIME-VERT Le programme&nbsp;Prime-Vert&nbsp;vise \u00e0 accro\u00eetre l\u2019adoption de pratiques agroenvironnementales par les entreprises agricoles afin de contribuer \u00e0 l\u2019am\u00e9lioration de la qualit\u00e9 de l\u2019environnement et de la sant\u00e9 humaine. Il soutient les entreprises agricoles dans la r\u00e9alisation d\u2019interventions prioritaires en agroenvironnement tout en favorisant une approche collective. La dur\u00e9e du programme&nbsp;Prime-Vert&nbsp;est pr\u00e9vue d\u2019avril 2018 [&hellip;]<\/p>\n","protected":false},"author":1,"featured_media":0,"parent":0,"menu_order":0,"comment_status":"closed","ping_status":"closed","template":"","meta":{"footnotes":""},"class_list":["post-7786","page","type-page","status-publish","hentry"],"yoast_head":"<!-- This site is optimized with the Yoast SEO plugin v27.5 - https:\/\/yoast.com\/product\/yoast-seo-wordpress\/ -->\n<title>Prime Vert - Hortau<\/title>\n<meta name=\"robots\" content=\"index, follow, max-snippet:-1, max-image-preview:large, max-video-preview:-1\" \/>\n<link rel=\"canonical\" href=\"https:\/\/hortau.com\/fr\/primevert\/\" \/>\n<meta property=\"og:locale\" content=\"fr_FR\" \/>\n<meta property=\"og:type\" content=\"article\" \/>\n<meta property=\"og:title\" content=\"Prime Vert - Hortau\" \/>\n<meta property=\"og:description\" content=\"LE PROGRAMME PRIME-VERT Le programme&nbsp;Prime-Vert&nbsp;vise \u00e0 accro\u00eetre l\u2019adoption de pratiques agroenvironnementales par les entreprises agricoles afin de contribuer \u00e0 l\u2019am\u00e9lioration de la qualit\u00e9 de l\u2019environnement et de la sant\u00e9 humaine. Il soutient les entreprises agricoles dans la r\u00e9alisation d\u2019interventions prioritaires en agroenvironnement tout en favorisant une approche collective. La dur\u00e9e du programme&nbsp;Prime-Vert&nbsp;est pr\u00e9vue d\u2019avril 2018 [&hellip;]\" \/>\n<meta property=\"og:url\" content=\"https:\/\/hortau.com\/fr\/primevert\/\" \/>\n<meta property=\"og:site_name\" content=\"Hortau\" \/>\n<meta property=\"article:publisher\" content=\"https:\/\/www.facebook.com\/hortau\" \/>\n<meta property=\"article:modified_time\" content=\"2022-12-02T14:57:39+00:00\" \/>\n<meta property=\"og:image\" content=\"https:\/\/hortau.com\/wp-content\/uploads\/2021\/11\/experts-1024x854.jpg\" \/>\n<meta name=\"twitter:card\" content=\"summary_large_image\" \/>\n<meta name=\"twitter:site\" content=\"@Hortau\" \/>\n<meta name=\"twitter:label1\" content=\"Dur\u00e9e de lecture estim\u00e9e\" \/>\n\t<meta name=\"twitter:data1\" content=\"2 minutes\" \/>\n<script type=\"application\/ld+json\" class=\"yoast-schema-graph\">{\"@context\":\"https:\\\/\\\/schema.org\",\"@graph\":[{\"@type\":\"WebPage\",\"@id\":\"https:\\\/\\\/hortau.com\\\/fr\\\/primevert\\\/\",\"url\":\"https:\\\/\\\/hortau.com\\\/fr\\\/primevert\\\/\",\"name\":\"Prime Vert - Hortau\",\"isPartOf\":{\"@id\":\"https:\\\/\\\/hortau.com\\\/fr\\\/#website\"},\"primaryImageOfPage\":{\"@id\":\"https:\\\/\\\/hortau.com\\\/fr\\\/primevert\\\/#primaryimage\"},\"image\":{\"@id\":\"https:\\\/\\\/hortau.com\\\/fr\\\/primevert\\\/#primaryimage\"},\"thumbnailUrl\":\"https:\\\/\\\/hortau.com\\\/wp-content\\\/uploads\\\/2021\\\/11\\\/experts-1024x854.jpg\",\"datePublished\":\"2022-02-17T16:23:40+00:00\",\"dateModified\":\"2022-12-02T14:57:39+00:00\",\"breadcrumb\":{\"@id\":\"https:\\\/\\\/hortau.com\\\/fr\\\/primevert\\\/#breadcrumb\"},\"inLanguage\":\"fr-FR\",\"potentialAction\":[{\"@type\":\"ReadAction\",\"target\":[\"https:\\\/\\\/hortau.com\\\/fr\\\/primevert\\\/\"]}]},{\"@type\":\"ImageObject\",\"inLanguage\":\"fr-FR\",\"@id\":\"https:\\\/\\\/hortau.com\\\/fr\\\/primevert\\\/#primaryimage\",\"url\":\"https:\\\/\\\/hortau.com\\\/wp-content\\\/uploads\\\/2021\\\/11\\\/experts-1024x854.jpg\",\"contentUrl\":\"https:\\\/\\\/hortau.com\\\/wp-content\\\/uploads\\\/2021\\\/11\\\/experts-1024x854.jpg\"},{\"@type\":\"BreadcrumbList\",\"@id\":\"https:\\\/\\\/hortau.com\\\/fr\\\/primevert\\\/#breadcrumb\",\"itemListElement\":[{\"@type\":\"ListItem\",\"position\":1,\"name\":\"Home\",\"item\":\"https:\\\/\\\/hortau.com\\\/fr\\\/\"},{\"@type\":\"ListItem\",\"position\":2,\"name\":\"Prime Vert\"}]},{\"@type\":\"WebSite\",\"@id\":\"https:\\\/\\\/hortau.com\\\/fr\\\/#website\",\"url\":\"https:\\\/\\\/hortau.com\\\/fr\\\/\",\"name\":\"Hortau\",\"description\":\"Irrigation Management\",\"publisher\":{\"@id\":\"https:\\\/\\\/hortau.com\\\/fr\\\/#organization\"},\"potentialAction\":[{\"@type\":\"SearchAction\",\"target\":{\"@type\":\"EntryPoint\",\"urlTemplate\":\"https:\\\/\\\/hortau.com\\\/fr\\\/?s={search_term_string}\"},\"query-input\":{\"@type\":\"PropertyValueSpecification\",\"valueRequired\":true,\"valueName\":\"search_term_string\"}}],\"inLanguage\":\"fr-FR\"},{\"@type\":\"Organization\",\"@id\":\"https:\\\/\\\/hortau.com\\\/fr\\\/#organization\",\"name\":\"Hortau\",\"url\":\"https:\\\/\\\/hortau.com\\\/fr\\\/\",\"logo\":{\"@type\":\"ImageObject\",\"inLanguage\":\"fr-FR\",\"@id\":\"https:\\\/\\\/hortau.com\\\/fr\\\/#\\\/schema\\\/logo\\\/image\\\/\",\"url\":\"https:\\\/\\\/hortau.com\\\/wp-content\\\/uploads\\\/2021\\\/09\\\/logo.png\",\"contentUrl\":\"https:\\\/\\\/hortau.com\\\/wp-content\\\/uploads\\\/2021\\\/09\\\/logo.png\",\"width\":500,\"height\":500,\"caption\":\"Hortau\"},\"image\":{\"@id\":\"https:\\\/\\\/hortau.com\\\/fr\\\/#\\\/schema\\\/logo\\\/image\\\/\"},\"sameAs\":[\"https:\\\/\\\/www.facebook.com\\\/hortau\",\"https:\\\/\\\/x.com\\\/Hortau\",\"https:\\\/\\\/www.instagram.com\\\/hortau\\\/\",\"https:\\\/\\\/www.linkedin.com\\\/company\\\/hortau\\\/\",\"https:\\\/\\\/www.youtube.com\\\/user\\\/HortauIrrigation\"]}]}<\/script>\n<!-- \/ Yoast SEO plugin. -->","yoast_head_json":{"title":"Prime Vert - Hortau","robots":{"index":"index","follow":"follow","max-snippet":"max-snippet:-1","max-image-preview":"max-image-preview:large","max-video-preview":"max-video-preview:-1"},"canonical":"https:\/\/hortau.com\/fr\/primevert\/","og_locale":"fr_FR","og_type":"article","og_title":"Prime Vert - Hortau","og_description":"LE PROGRAMME PRIME-VERT Le programme&nbsp;Prime-Vert&nbsp;vise \u00e0 accro\u00eetre l\u2019adoption de pratiques agroenvironnementales par les entreprises agricoles afin de contribuer \u00e0 l\u2019am\u00e9lioration de la qualit\u00e9 de l\u2019environnement et de la sant\u00e9 humaine. Il soutient les entreprises agricoles dans la r\u00e9alisation d\u2019interventions prioritaires en agroenvironnement tout en favorisant une approche collective. La dur\u00e9e du programme&nbsp;Prime-Vert&nbsp;est pr\u00e9vue d\u2019avril 2018 [&hellip;]","og_url":"https:\/\/hortau.com\/fr\/primevert\/","og_site_name":"Hortau","article_publisher":"https:\/\/www.facebook.com\/hortau","article_modified_time":"2022-12-02T14:57:39+00:00","og_image":[{"url":"https:\/\/hortau.com\/wp-content\/uploads\/2021\/11\/experts-1024x854.jpg","type":"","width":"","height":""}],"twitter_card":"summary_large_image","twitter_site":"@Hortau","twitter_misc":{"Dur\u00e9e de lecture estim\u00e9e":"2 minutes"},"schema":{"@context":"https:\/\/schema.org","@graph":[{"@type":"WebPage","@id":"https:\/\/hortau.com\/fr\/primevert\/","url":"https:\/\/hortau.com\/fr\/primevert\/","name":"Prime Vert - Hortau","isPartOf":{"@id":"https:\/\/hortau.com\/fr\/#website"},"primaryImageOfPage":{"@id":"https:\/\/hortau.com\/fr\/primevert\/#primaryimage"},"image":{"@id":"https:\/\/hortau.com\/fr\/primevert\/#primaryimage"},"thumbnailUrl":"https:\/\/hortau.com\/wp-content\/uploads\/2021\/11\/experts-1024x854.jpg","datePublished":"2022-02-17T16:23:40+00:00","dateModified":"2022-12-02T14:57:39+00:00","breadcrumb":{"@id":"https:\/\/hortau.com\/fr\/primevert\/#breadcrumb"},"inLanguage":"fr-FR","potentialAction":[{"@type":"ReadAction","target":["https:\/\/hortau.com\/fr\/primevert\/"]}]},{"@type":"ImageObject","inLanguage":"fr-FR","@id":"https:\/\/hortau.com\/fr\/primevert\/#primaryimage","url":"https:\/\/hortau.com\/wp-content\/uploads\/2021\/11\/experts-1024x854.jpg","contentUrl":"https:\/\/hortau.com\/wp-content\/uploads\/2021\/11\/experts-1024x854.jpg"},{"@type":"BreadcrumbList","@id":"https:\/\/hortau.com\/fr\/primevert\/#breadcrumb","itemListElement":[{"@type":"ListItem","position":1,"name":"Home","item":"https:\/\/hortau.com\/fr\/"},{"@type":"ListItem","position":2,"name":"Prime Vert"}]},{"@type":"WebSite","@id":"https:\/\/hortau.com\/fr\/#website","url":"https:\/\/hortau.com\/fr\/","name":"Hortau","description":"Irrigation Management","publisher":{"@id":"https:\/\/hortau.com\/fr\/#organization"},"potentialAction":[{"@type":"SearchAction","target":{"@type":"EntryPoint","urlTemplate":"https:\/\/hortau.com\/fr\/?s={search_term_string}"},"query-input":{"@type":"PropertyValueSpecification","valueRequired":true,"valueName":"search_term_string"}}],"inLanguage":"fr-FR"},{"@type":"Organization","@id":"https:\/\/hortau.com\/fr\/#organization","name":"Hortau","url":"https:\/\/hortau.com\/fr\/","logo":{"@type":"ImageObject","inLanguage":"fr-FR","@id":"https:\/\/hortau.com\/fr\/#\/schema\/logo\/image\/","url":"https:\/\/hortau.com\/wp-content\/uploads\/2021\/09\/logo.png","contentUrl":"https:\/\/hortau.com\/wp-content\/uploads\/2021\/09\/logo.png","width":500,"height":500,"caption":"Hortau"},"image":{"@id":"https:\/\/hortau.com\/fr\/#\/schema\/logo\/image\/"},"sameAs":["https:\/\/www.facebook.com\/hortau","https:\/\/x.com\/Hortau","https:\/\/www.instagram.com\/hortau\/","https:\/\/www.linkedin.com\/company\/hortau\/","https:\/\/www.youtube.com\/user\/HortauIrrigation"]}]}},"_links":{"self":[{"href":"https:\/\/hortau.com\/fr\/wp-json\/wp\/v2\/pages\/7786","targetHints":{"allow":["GET"]}}],"collection":[{"href":"https:\/\/hortau.com\/fr\/wp-json\/wp\/v2\/pages"}],"about":[{"href":"https:\/\/hortau.com\/fr\/wp-json\/wp\/v2\/types\/page"}],"author":[{"embeddable":true,"href":"https:\/\/hortau.com\/fr\/wp-json\/wp\/v2\/users\/1"}],"replies":[{"embeddable":true,"href":"https:\/\/hortau.com\/fr\/wp-json\/wp\/v2\/comments?post=7786"}],"version-history":[{"count":15,"href":"https:\/\/hortau.com\/fr\/wp-json\/wp\/v2\/pages\/7786\/revisions"}],"predecessor-version":[{"id":8142,"href":"https:\/\/hortau.com\/fr\/wp-json\/wp\/v2\/pages\/7786\/revisions\/8142"}],"wp:attachment":[{"href":"https:\/\/hortau.com\/fr\/wp-json\/wp\/v2\/media?parent=7786"}],"curies":[{"name":"wp","href":"https:\/\/api.w.org\/{rel}","templated":true}]}}